{"id":4910,"date":"2021-12-21T17:39:38","date_gmt":"2021-12-21T17:39:38","guid":{"rendered":"https:\/\/fma-curacao.com\/departments\/"},"modified":"2023-03-07T19:43:38","modified_gmt":"2023-03-07T19:43:38","slug":"departments","status":"publish","type":"page","link":"https:\/\/fma-curacao.com\/en\/departments\/","title":{"rendered":"Departments"},"content":{"rendered":"[vc_row type=&#8221;full_width_background&#8221; full_screen_row_position=&#8221;middle&#8221; bg_image=&#8221;617&#8243; bg_position=&#8221;center top&#8221; bg_repeat=&#8221;no-repeat&#8221; full_height=&#8221;yes&#8221; parallax_bg=&#8221;true&#8221; parallax_bg_speed=&#8221;fast&#8221; scene_position=&#8221;center&#8221; text_color=&#8221;light&#8221; text_align=&#8221;left&#8221; enable_gradient=&#8221;true&#8221; color_overlay=&#8221;rgba(0,0,0,0.5)&#8221; color_overlay_2=&#8221;#000000&#8243; gradient_direction=&#8221;left_t_to_right_b&#8221; overlay_strength=&#8221;0.95&#8243; shape_divider_position=&#8221;bottom&#8221; shape_type=&#8221;&#8221;][vc_column enable_animation=&#8221;true&#8221; animation=&#8221;none&#8221; centered_text=&#8221;true&#8221; column_padding=&#8221;no-extra-padding&#8221; column_padding_position=&#8221;all&#8221; background_color_opacity=&#8221;1&#8243; background_hover_color_opacity=&#8221;1&#8243; column_shadow=&#8221;none&#8221; column_border_radius=&#8221;none&#8221; width=&#8221;1\/6&#8243; tablet_text_alignment=&#8221;default&#8221; phone_text_alignment=&#8221;default&#8221; column_border_width=&#8221;none&#8221; column_border_style=&#8221;solid&#8221;][\/vc_column][vc_column centered_text=&#8221;true&#8221; column_padding=&#8221;no-extra-padding&#8221; column_padding_position=&#8221;all&#8221; background_color_opacity=&#8221;1&#8243; background_hover_color_opacity=&#8221;1&#8243; column_shadow=&#8221;none&#8221; column_border_radius=&#8221;none&#8221; width=&#8221;2\/3&#8243; tablet_text_alignment=&#8221;default&#8221; phone_text_alignment=&#8221;default&#8221; column_border_width=&#8221;none&#8221; column_border_style=&#8221;solid&#8221;][vc_custom_heading text=&#8221;We are here for everyone! &#8221; font_container=&#8221;tag:h1|font_size:70|text_align:center|line_height:1&#8243; use_theme_fonts=&#8221;yes&#8221;][divider line_type=&#8221;No Line&#8221;][vc_row_inner column_margin=&#8221;default&#8221; text_align=&#8221;left&#8221;][vc_column_inner column_padding=&#8221;no-extra-padding&#8221; column_padding_position=&#8221;all&#8221; background_color_opacity=&#8221;1&#8243; background_hover_color_opacity=&#8221;1&#8243; column_shadow=&#8221;none&#8221; column_border_radius=&#8221;none&#8221; width=&#8221;1\/6&#8243; column_border_width=&#8221;none&#8221; column_border_style=&#8221;solid&#8221;][\/vc_column_inner][vc_column_inner column_padding=&#8221;no-extra-padding&#8221; column_padding_position=&#8221;all&#8221; background_color_opacity=&#8221;1&#8243; background_hover_color_opacity=&#8221;1&#8243; column_shadow=&#8221;none&#8221; column_border_radius=&#8221;none&#8221; width=&#8221;2\/3&#8243; column_border_width=&#8221;none&#8221; column_border_style=&#8221;solid&#8221;][vc_column_text]\n<h3>FMA treats different target groups.<\/h3>\n[\/vc_column_text][\/vc_column_inner][vc_column_inner column_padding=&#8221;no-extra-padding&#8221; column_padding_position=&#8221;all&#8221; background_color_opacity=&#8221;1&#8243; background_hover_color_opacity=&#8221;1&#8243; column_shadow=&#8221;none&#8221; column_border_radius=&#8221;none&#8221; width=&#8221;1\/6&#8243; column_border_width=&#8221;none&#8221; column_border_style=&#8221;solid&#8221;][\/vc_column_inner][\/vc_row_inner][\/vc_column][vc_column column_padding=&#8221;no-extra-padding&#8221; column_padding_position=&#8221;all&#8221; background_color_opacity=&#8221;1&#8243; background_hover_color_opacity=&#8221;1&#8243; column_shadow=&#8221;none&#8221; column_border_radius=&#8221;none&#8221; width=&#8221;1\/6&#8243; tablet_text_alignment=&#8221;default&#8221; phone_text_alignment=&#8221;default&#8221; column_border_width=&#8221;none&#8221; column_border_style=&#8221;solid&#8221;][\/vc_column][\/vc_row][vc_row type=&#8221;full_width_content&#8221; full_screen_row_position=&#8221;middle&#8221; equal_height=&#8221;yes&#8221; content_placement=&#8221;middle&#8221; full_height=&#8221;yes&#8221; columns_placement=&#8221;stretch&#8221; scene_position=&#8221;center&#8221; text_color=&#8221;dark&#8221; text_align=&#8221;left&#8221; id=&#8221;ure&#8221; disable_element=&#8221;yes&#8221; overlay_strength=&#8221;0.3&#8243; shape_divider_position=&#8221;bottom&#8221; shape_type=&#8221;&#8221;][vc_column column_padding=&#8221;padding-10-percent&#8221; column_padding_position=&#8221;all&#8221; background_color_opacity=&#8221;1&#8243; background_hover_color_opacity=&#8221;1&#8243; column_shadow=&#8221;none&#8221; column_border_radius=&#8221;none&#8221; width=&#8221;1\/2&#8243; tablet_text_alignment=&#8221;default&#8221; phone_text_alignment=&#8221;default&#8221; column_border_width=&#8221;8px&#8221; column_border_color=&#8221;#00833f&#8221; column_border_style=&#8221;solid&#8221;][vc_custom_heading text=&#8221;URE&#8221; font_container=&#8221;tag:h2|font_size:40|text_align:left|line_height:50px&#8221; use_theme_fonts=&#8221;yes&#8221;][vc_custom_heading text=&#8221;Unidat pa Registrashon i Evaluashon (URE)&#8221; font_container=&#8221;tag:h3|text_align:left&#8221; use_theme_fonts=&#8221;yes&#8221; css=&#8221;.vc_custom_1553784196382{margin-bottom: 10px !important;}&#8221;][vc_column_text css=&#8221;.vc_custom_1561127573124{margin-top: 30px !important;margin-bottom: 30px !important;}&#8221;]Alle aanmeldingen voor hulpverlening door de Fundashon pa Maneho di Adikshon (FMA) komen binnen via het centrale aanmeldpunt. De aanmeldingen kunnen gecategoriseerd worden in<\/p>\n<p>a) Aanmelding voor vrijwillige zorg<br \/>\nb) Aanmelding voor Onder Curatele Stelling (OCS)<\/p>\n<p>Op de afdeling URE houdt de consulent Intake &amp; Screening zich bezig met het intake proces. Gedurende het intakeproces worden onder andere de volgende factoren onderzocht door de Consulent Intake &amp; Screening, om de hulpvraag duidelijk in kaart te brengen voor een indicatiestelling:<\/p>\n<ul>\n<li>Het familiesysteem<\/li>\n<li>De thuissituatie<\/li>\n<li>De motivatie<\/li>\n<li>Het gebruik van verdovende middelen<\/li>\n<li>Verslavend gedrag<\/li>\n<li>Somatische en psychische status<\/li>\n<li>De wensen van de cli\u00ebnt<\/li>\n<\/ul>\n[\/vc_column_text][\/vc_column][vc_column column_padding=&#8221;padding-10-percent&#8221; column_padding_position=&#8221;all&#8221; background_color_opacity=&#8221;1&#8243; background_hover_color_opacity=&#8221;1&#8243; column_shadow=&#8221;none&#8221; column_border_radius=&#8221;none&#8221; width=&#8221;1\/2&#8243; tablet_text_alignment=&#8221;default&#8221; phone_text_alignment=&#8221;default&#8221; column_border_width=&#8221;8px&#8221; column_border_color=&#8221;#00833f&#8221; column_border_style=&#8221;solid&#8221;][toggles style=&#8221;default&#8221; accordion=&#8221;true&#8221;][toggle color=&#8221;Accent-Color&#8221; title=&#8221;Het behandeladvies kan zijn:&#8221;][vc_column_text]\n<ol>\n<li>Ambulante behandeling<\/li>\n<li>Residenti\u00eble behandeling<\/li>\n<li>Deeltijdbehandeling<\/li>\n<\/ol>\n[\/vc_column_text][\/toggle][toggle color=&#8221;Accent-Color&#8221; title=&#8221;Ambulante behandeling:&#8221;][vc_column_text]Een ambulant behandelprogramma bestaat uit individuele therapie en\/of groepstherapie met een behandelaar.[\/vc_column_text][\/toggle][toggle color=&#8221;Accent-Color&#8221; title=&#8221;Residenti\u00eble behandeling:&#8221;][vc_column_text]Tijdens een opname verblijft de cli\u00ebnt voor kortere of langere tijd vrijwillig in het rehabilitatiecentrum Speransa.[\/vc_column_text][\/toggle][toggle color=&#8221;Accent-Color&#8221; title=&#8221;Deeltijd behandeling:&#8221;][vc_column_text]Een deeltijdbehandeling bestaat uit dagelijkse groeps en\/of individuele sessies bij Speransa. De cli\u00ebnt komt een gedeelte van de dag naar het centrum. De deeltijdbehandeling is bedoeld voor vrouwen en mannen vanaf 18 jaar.[\/vc_column_text][\/toggle][toggle color=&#8221;Default&#8221; title=&#8221;Andere activiteiten bij URE:&#8221;][vc_column_text]<strong>Ondercuratelestelling (OCS):<br \/>\n<\/strong>Indien de (meerderjarige) cli\u00ebnt door zijn verslavingsproblematiek niet in staat is om een vrijwillig rehabilitatie programma te volgen kan een ondercuratelestellings verzoek gestart worden. Dit verzoek wordt aan de rechter voorgelegd en die bepaald of de OCS plaats vindt. De familieleden zullen door de consulent begeleid en ondersteund worden tijdens het OCS proces.<\/p>\n<p><strong>Huisbezoek:<br \/>\n<\/strong>Tijdens het onderzoek kan de consulent huisbezoeken afleggen om meer informatie te verkrijgen over de thuissituatie. Een huisbezoek kan ook plaatsvinden om de cli\u00ebnt te motiveren voor een vrijwillige behandeling.<\/p>\n<p><strong>Registratie en verslaglegging:<br \/>\n<\/strong>Alle relevante gegevens over de cli\u00ebnt zullen zorgvuldig worden vastgelegd in het elektronisch cli\u00ebnten dossier. De privacy van de cli\u00ebnt wordt zorgvuldig bewaakt.<\/p>\n<p><strong>Wachtlijstsessie:<\/strong><br \/>\nVoor cli\u00ebnten die wachten op een behandeling worden bijeenkomsten georganiseerd waarbij onder andere gewerkt wordt aan hun motivatie en informatie over verslaving wordt gegeven.[\/vc_column_text][\/toggle][\/toggles][nectar_btn size=&#8221;small&#8221; open_new_tab=&#8221;true&#8221; button_style=&#8221;regular&#8221; button_color_2=&#8221;Accent-Color&#8221; icon_family=&#8221;default_arrow&#8221; text=&#8221;Contact&#8221; url=&#8221;https:\/\/fma-curacao.com\/contact\/&#8221;][vc_video link=&#8221;https:\/\/vimeo.com\/358144754&#8243; align=&#8221;center&#8221;][\/vc_column][\/vc_row][vc_row type=&#8221;full_width_content&#8221; full_screen_row_position=&#8221;middle&#8221; equal_height=&#8221;yes&#8221; content_placement=&#8221;middle&#8221; full_height=&#8221;yes&#8221; columns_placement=&#8221;stretch&#8221; scene_position=&#8221;center&#8221; text_color=&#8221;dark&#8221; text_align=&#8221;left&#8221; id=&#8221;utasperansa&#8221; overlay_strength=&#8221;0.3&#8243; shape_divider_position=&#8221;bottom&#8221; shape_type=&#8221;&#8221;][vc_column column_padding=&#8221;padding-10-percent&#8221; column_padding_position=&#8221;all&#8221; background_color_opacity=&#8221;1&#8243; background_hover_color_opacity=&#8221;1&#8243; column_shadow=&#8221;none&#8221; column_border_radius=&#8221;none&#8221; width=&#8221;1\/2&#8243; tablet_text_alignment=&#8221;default&#8221; phone_text_alignment=&#8221;default&#8221; column_border_width=&#8221;8px&#8221; column_border_color=&#8221;#00833f&#8221; column_border_style=&#8221;solid&#8221;][vc_custom_heading text=&#8221;UT&#8221; font_container=&#8221;tag:h2|font_size:40|text_align:left|line_height:50px&#8221; use_theme_fonts=&#8221;yes&#8221;][vc_custom_heading text=&#8221;Unidat di Tratamentu&#8221; font_container=&#8221;tag:h3|text_align:left&#8221; use_theme_fonts=&#8221;yes&#8221; css=&#8221;.vc_custom_1677782826019{margin-bottom: 10px !important;}&#8221;][vc_column_text css=&#8221;.vc_custom_1677784276067{margin-top: 30px !important;margin-bottom: 30px !important;}&#8221;]This department deals with the outpatient treatment of clients.<\/p>\n<p>The outpatient client visits the FMA once or twice a week for treatment, but continues to live in his own environment. The aim of the treatment is to teach the client a new lifestyle in which he has control over his addiction. The treatment can take place individually or in a group under the supervision of psychologists and\/or social workers.[\/vc_column_text][toggles style=&#8221;default&#8221; accordion=&#8221;true&#8221;][toggle color=&#8221;Accent-Color&#8221; title=&#8221;Criteria for outpatient treatment:&#8221;][vc_column_text]\n<ol>\n<li>Motivation to follow the treatment.<\/li>\n<li>Contact person who is willing to support the treatment.<\/li>\n<li>Daytime activities in the form of work or school.<\/li>\n<li>Psychologically stable.<\/li>\n<\/ol>\n[\/vc_column_text][\/toggle][toggle color=&#8221;Accent-Color&#8221; title=&#8221;For children:&#8221;][vc_column_text]\n<div class=\"gmail_default\"><strong>Mini VIP + VIP (VIP = Very Important Person)<\/strong><\/div>\n<ul>\n<li class=\"gmail_default\">Mini VIP 7-10 years<\/li>\n<li class=\"gmail_default\">VIP 10 -12 years<\/li>\n<\/ul>\n<div class=\"gmail_default\">Mini VIP and VIP groups are programs that offer support in a playful way to children aged 7 to 12 who live in an environment where there is an addiction.<\/div>\n[\/vc_column_text][\/toggle][toggle color=&#8221;Accent-Color&#8221; title=&#8221;For youth:&#8221;][vc_column_text]\n<div class=\"gmail_default\"><strong>Bo ta uniko (BTU) + Bo ta uniko plus (BTU Plus)<\/strong><\/div>\n<ul>\n<li class=\"gmail_default\">BTU 12 &#8211; 17<\/li>\n<li class=\"gmail_default\">BTU plus\u00a0 17 &#8211; 21<\/li>\n<\/ul>\n<div class=\"gmail_default\"><\/div>\n<div class=\"gmail_default\">\n<p>The aim of the program is to enable the participant to make better choices by gaining better insight into his\/her behavior based on the information obtained during the programme. The result of this is greater resistance to addiction. The information will be presented in a dynamic way, the participant will be able to identify with it and will be able to express themselves freely in the sessions. Through an interactive way of exchanging information, the participant will be able to further develop his\/her social skills.<\/p>\n<p>The \u201dBo ta \u00daniko\/Bo ta \u00daniko Plus\u201d program is a program that pays attention to the physical, social, emotional and spiritual aspects of the participant. In addition, attention will also be paid to the personality and character traits of the participant that are important to bring about positive change.<\/p>\n<\/div>\n[\/vc_column_text][\/toggle][toggle color=&#8221;Accent-Color&#8221; title=&#8221;For Family:&#8221;][vc_column_text]\n<strong>Family support<\/strong><br \/>\nThe support group is a program for family and loved ones of an individual with an addiction problem.<br \/>\nThe individual with the addiction problem could be a client who is currently undergoing treatment at FMA or someone who has not yet started his\/her treatment process.<\/p>\n<p><strong>The purpose of this group:<\/strong><br \/>\nThe main purpose of the program is to provide guidance and support to participants of the group.<\/p>\n<p><strong>Family education<\/strong><\/p>\n<p>The education group is a program for parents of young people with addiction problems.<\/p>\n<p><strong>The purpose of this group is to:<\/strong><\/p>\n<ul>\n<li>Make parents aware of the way of parenting and its consequences<\/li>\n<li>To improve the education<\/li>\n<li>Creating better communication between parents and their children<\/li>\n<\/ul>\n[\/vc_column_text][\/toggle][\/toggles][nectar_btn size=&#8221;small&#8221; open_new_tab=&#8221;true&#8221; button_style=&#8221;regular&#8221; button_color_2=&#8221;Accent-Color&#8221; icon_family=&#8221;default_arrow&#8221; text=&#8221;Contact&#8221; url=&#8221;https:\/\/fma-curacao.com\/contact\/&#8221;][vc_video link=&#8221;https:\/\/www.youtube.com\/watch?v=C3xdS3wIs9o&#8221; align=&#8221;center&#8221;][\/vc_column][vc_column column_padding=&#8221;padding-10-percent&#8221; column_padding_position=&#8221;all&#8221; background_color_opacity=&#8221;1&#8243; background_hover_color_opacity=&#8221;1&#8243; column_shadow=&#8221;none&#8221; column_border_radius=&#8221;none&#8221; width=&#8221;1\/2&#8243; tablet_text_alignment=&#8221;default&#8221; phone_text_alignment=&#8221;default&#8221; column_border_width=&#8221;8px&#8221; column_border_color=&#8221;#ecbe13&#8243; column_border_style=&#8221;solid&#8221;][vc_custom_heading text=&#8221;Speransa&#8221; font_container=&#8221;tag:h2|font_size:40|text_align:left|line_height:50px&#8221; use_theme_fonts=&#8221;yes&#8221;][vc_column_text css=&#8221;.vc_custom_1677785188362{margin-top: 30px !important;margin-bottom: 30px !important;}&#8221;]Speransa is a rehabilitation center that focuses on transforming clients on a social, emotional, spiritual and physical level.<\/p>\n<p>At Speransa, the client can be admitted (residential care) or follow a part-time program (semi-residential). The stay with Speransa is always voluntary.<\/p>\n<p>To be eligible for treatment at Speransa, the addiction problem must be so serious that outpatient treatment is not possible. The client must have a cognitive level so that he can follow the program. Furthermore, the client must be able to work or follow an education. The client must be motivated to work on his addiction problem and must not have a serious psychological or physical disorder.<\/p>\n<p>It is also necessary for the client to have a contact person and the support of his social environment.<\/p>\n<p>The length of stay at Speransa is a maximum of one year.<\/p>\n<p>Speransa uses proven methodologies.<\/p>\n<p>Our program offers a variety of structural activities to achieve the main goal, which is total abstinence from the addiction.<\/p>\n<p>The treatment program offers a variety of work-study pathways, musical expression, sports, social work, spiritual guidance, creative therapy, coaching, social skills development and the like.<\/p>\n<p>Both the client and the family receive professional help.<\/p>\n<p><strong>Our motto is:<\/strong> \u201cTransformation, your decision, our mission.\u201d[\/vc_column_text][toggles style=&#8221;default&#8221; accordion=&#8221;true&#8221;][toggle color=&#8221;Extra-Color-2&#8243; title=&#8221;Services at Speransa:&#8221;][vc_column_text]\n<ol>\n<li>Detoxification<\/li>\n<li>Residential<\/li>\n<li>Semi-residential<\/li>\n<li>Aftercare<\/li>\n<\/ol>\n<table style=\"height: 200px\" width=\"568\">\n<tbody>\n<tr>\n<td width=\"222\"><strong>Types of treatments:<\/strong><\/td>\n<td width=\"172\"><strong>Period:<\/strong><\/td>\n<\/tr>\n<tr>\n<td width=\"222\">Detoxification<\/td>\n<td width=\"172\">2 days to 2 weeks<\/td>\n<\/tr>\n<tr>\n<td width=\"222\">Residential<\/td>\n<td width=\"172\">10 to 12 months<\/td>\n<\/tr>\n<tr>\n<td width=\"222\">Semi-Residential<\/td>\n<td width=\"172\">4 to 6 months<\/td>\n<\/tr>\n<tr>\n<td width=\"222\">Aftercare<\/td>\n<td width=\"172\">3 months, 2x per month<\/td>\n<\/tr>\n<\/tbody>\n<\/table>\n<p>The period of the client&#8217;s treatment is defined after the diagnostic conversation and may differ per situation. We always provide customized care.[\/vc_column_text][\/toggle][\/toggles][nectar_btn size=&#8221;small&#8221; open_new_tab=&#8221;true&#8221; button_style=&#8221;regular&#8221; button_color_2=&#8221;Extra-Color-2&#8243; icon_family=&#8221;default_arrow&#8221; text=&#8221;Contact&#8221; url=&#8221;https:\/\/fma-curacao.com\/contact\/&#8221;][vc_video link=&#8221;https:\/\/www.youtube.com\/watch?v=mPVgThPPLE0&#8243;][\/vc_column][\/vc_row][vc_row type=&#8221;full_width_content&#8221; full_screen_row_position=&#8221;middle&#8221; equal_height=&#8221;yes&#8221; content_placement=&#8221;middle&#8221; full_height=&#8221;yes&#8221; columns_placement=&#8221;stretch&#8221; scene_position=&#8221;center&#8221; text_color=&#8221;dark&#8221; text_align=&#8221;left&#8221; id=&#8221;diosyudamitrainingenvoorlichting&#8221; overlay_strength=&#8221;0.3&#8243; shape_divider_position=&#8221;bottom&#8221; shape_type=&#8221;&#8221;][vc_column column_padding=&#8221;padding-10-percent&#8221; column_padding_position=&#8221;all&#8221; background_color_opacity=&#8221;1&#8243; background_hover_color_opacity=&#8221;1&#8243; column_shadow=&#8221;none&#8221; column_border_radius=&#8221;none&#8221; width=&#8221;1\/2&#8243; tablet_text_alignment=&#8221;default&#8221; phone_text_alignment=&#8221;default&#8221; column_border_width=&#8221;8px&#8221; column_border_color=&#8221;#bd1550&#8243; column_border_style=&#8221;solid&#8221;][vc_custom_heading text=&#8221;Dios Yudami&#8221; font_container=&#8221;tag:h2|font_size:40|text_align:left|line_height:50px&#8221; use_theme_fonts=&#8221;yes&#8221;][vc_column_text css=&#8221;.vc_custom_1677785413123{margin-top: 30px !important;margin-bottom: 30px !important;}&#8221;]Dios Yudami offers day care (Walk in) to chronic addicts who roam the inner city. The addict can go here 7 days a week for free meals, shower facilities, clean clothes and a haircut. As a result, he gets used to more hygiene and regularity and there is less nuisance on the street.[\/vc_column_text][toggles style=&#8221;default&#8221;][toggle color=&#8221;Extra-Color-3&#8243; title=&#8221;The service package of Dios Yudami also consists of:&#8221;][vc_column_text]\n<ul>\n<li>Mediation for SVB card and ID.<\/li>\n<li>Dispensing of medicines.<\/li>\n<li>Participation in social activities.<\/li>\n<\/ul>\n[\/vc_column_text][\/toggle][\/toggles][nectar_btn size=&#8221;small&#8221; open_new_tab=&#8221;true&#8221; button_style=&#8221;regular&#8221; button_color_2=&#8221;Extra-Color-3&#8243; icon_family=&#8221;default_arrow&#8221; text=&#8221;Contact&#8221; url=&#8221;https:\/\/fma-curacao.com\/contact\/&#8221;][vc_video link=&#8221;https:\/\/www.youtube.com\/watch?v=Wlvq57N1P0A&#8221;][\/vc_column][vc_column column_padding=&#8221;padding-10-percent&#8221; column_padding_position=&#8221;all&#8221; background_color_opacity=&#8221;1&#8243; background_hover_color_opacity=&#8221;1&#8243; column_shadow=&#8221;none&#8221; column_border_radius=&#8221;none&#8221; width=&#8221;1\/2&#8243; tablet_text_alignment=&#8221;default&#8221; phone_text_alignment=&#8221;default&#8221; column_border_width=&#8221;8px&#8221; column_border_color=&#8221;#3198f7&#8243; column_border_style=&#8221;solid&#8221;][vc_custom_heading text=&#8221;Training en Voorlichting&#8221; font_container=&#8221;tag:h2|font_size:40|text_align:left|line_height:50px&#8221; use_theme_fonts=&#8221;yes&#8221;][vc_column_text css=&#8221;.vc_custom_1561139141559{margin-top: 30px !important;margin-bottom: 30px !important;}&#8221;]This department offers a package of services aimed at companies, organizations and schools, among others.[\/vc_column_text][toggles style=&#8221;default&#8221;][toggle color=&#8221;Extra-Color-1&#8243; title=&#8221;The services are:&#8221;][vc_column_text]\n<ol>\n<li>Providing information.<\/li>\n<li>Training, courses, workshops and lectures.<\/li>\n<li>Advice, guidance and information related to alcohol and drug policy.<\/li>\n<li>Education.<\/li>\n<\/ol>\n[\/vc_column_text][\/toggle][\/toggles][vc_column_text css=&#8221;.vc_custom_1677785634879{margin-top: 30px !important;margin-bottom: 30px !important;}&#8221;]<strong>Peer Education<br \/>\n<\/strong>The Peer Educators team is a group of volunteers consisting of dynamic young people\/young adults who, often in schools, educate peers about addiction and peer pressure. Audiovisual material, folders and group discussions are used for this.<\/p>\n<p><strong>Target group:<\/strong><\/p>\n<ul>\n<li>School age youth.<\/li>\n<li>Foundational education (groups 6, 7 and 8).<\/li>\n<li>Special education.<\/li>\n<li>Secondary schools.<\/li>\n<li>Out-of-school youth.<\/li>\n<li>After school care.<\/li>\n<li>Scouting\/boy scouting.<\/li>\n<li>Religious and cultural youth groups.<\/li>\n<li>Secondary: authorities and organizations that ask for it.<\/li>\n<\/ul>\n<p>The role of the peer educators is central to the whole. The peer educators are selected from the target group.[\/vc_column_text][nectar_btn size=&#8221;small&#8221; open_new_tab=&#8221;true&#8221; button_style=&#8221;regular&#8221; button_color_2=&#8221;Extra-Color-1&#8243; icon_family=&#8221;default_arrow&#8221; text=&#8221;Contact&#8221; url=&#8221;https:\/\/fma-curacao.com\/contact\/&#8221;][vc_video link=&#8221;https:\/\/www.youtube.com\/watch?v=5gTzAqIYky0&#8243; align=&#8221;center&#8221;][\/vc_column][\/vc_row]\n","protected":false},"excerpt":{"rendered":"<p>[vc_row type=&#8221;full_width_background&#8221; full_screen_row_position=&#8221;middle&#8221; bg_image=&#8221;617&#8243; bg_position=&#8221;center top&#8221; bg_repeat=&#8221;no-repeat&#8221; full_height=&#8221;yes&#8221; parallax_bg=&#8221;true&#8221; parallax_bg_speed=&#8221;fast&#8221; scene_position=&#8221;center&#8221; text_color=&#8221;light&#8221; text_align=&#8221;left&#8221; enable_gradient=&#8221;true&#8221; color_overlay=&#8221;rgba(0,0,0,0.5)&#8221; color_overlay_2=&#8221;#000000&#8243; gradient_direction=&#8221;left_t_to_right_b&#8221; overlay_strength=&#8221;0.95&#8243; shape_divider_position=&#8221;bottom&#8221; shape_type=&#8221;&#8221;][vc_column enable_animation=&#8221;true&#8221; animation=&#8221;none&#8221; centered_text=&#8221;true&#8221; column_padding=&#8221;no-extra-padding&#8221; column_padding_position=&#8221;all&#8221; background_color_opacity=&#8221;1&#8243; background_hover_color_opacity=&#8221;1&#8243; column_shadow=&#8221;none&#8221; column_border_radius=&#8221;none&#8221; width=&#8221;1\/6&#8243;&#8230;<\/p>\n","protected":false},"author":435,"featured_media":0,"parent":0,"menu_order":0,"comment_status":"closed","ping_status":"closed","template":"","meta":{"footnotes":""},"class_list":["post-4910","page","type-page","status-publish"],"_links":{"self":[{"href":"https:\/\/fma-curacao.com\/en\/wp-json\/wp\/v2\/pages\/4910","targetHints":{"allow":["GET"]}}],"collection":[{"href":"https:\/\/fma-curacao.com\/en\/wp-json\/wp\/v2\/pages"}],"about":[{"href":"https:\/\/fma-curacao.com\/en\/wp-json\/wp\/v2\/types\/page"}],"author":[{"embeddable":true,"href":"https:\/\/fma-curacao.com\/en\/wp-json\/wp\/v2\/users\/435"}],"replies":[{"embeddable":true,"href":"https:\/\/fma-curacao.com\/en\/wp-json\/wp\/v2\/comments?post=4910"}],"version-history":[{"count":0,"href":"https:\/\/fma-curacao.com\/en\/wp-json\/wp\/v2\/pages\/4910\/revisions"}],"wp:attachment":[{"href":"https:\/\/fma-curacao.com\/en\/wp-json\/wp\/v2\/media?parent=4910"}],"curies":[{"name":"wp","href":"https:\/\/api.w.org\/{rel}","templated":true}]}}