{"id":7925,"date":"2023-03-02T19:48:11","date_gmt":"2023-03-02T19:48:11","guid":{"rendered":"https:\/\/fma-curacao.com\/enquete-over-alcoholgebruik\/"},"modified":"2023-03-02T19:56:34","modified_gmt":"2023-03-02T19:56:34","slug":"enquete-over-alcoholgebruik","status":"publish","type":"page","link":"https:\/\/fma-curacao.com\/nl\/enquete-over-alcoholgebruik\/","title":{"rendered":"Enqu\u00eate over alcoholgebruik"},"content":{"rendered":"[vc_row type=&#8221;full_width_background&#8221; full_screen_row_position=&#8221;middle&#8221; scene_position=&#8221;center&#8221; text_color=&#8221;dark&#8221; text_align=&#8221;left&#8221; top_padding=&#8221;3%&#8221; bottom_padding=&#8221;1%&#8221; overlay_strength=&#8221;0.3&#8243; shape_divider_position=&#8221;bottom&#8221; shape_type=&#8221;&#8221;][vc_column column_padding=&#8221;padding-1-percent&#8221; column_padding_position=&#8221;bottom&#8221; background_color_opacity=&#8221;1&#8243; background_hover_color_opacity=&#8221;1&#8243; column_shadow=&#8221;none&#8221; column_border_radius=&#8221;none&#8221; width=&#8221;1\/1&#8243; tablet_text_alignment=&#8221;default&#8221; phone_text_alignment=&#8221;default&#8221; column_border_width=&#8221;none&#8221; column_border_style=&#8221;solid&#8221;][vc_row_inner column_margin=&#8221;default&#8221; text_align=&#8221;left&#8221;][vc_column_inner enable_animation=&#8221;true&#8221; animation=&#8221;fade-in-from-bottom&#8221; column_padding=&#8221;no-extra-padding&#8221; column_padding_position=&#8221;all&#8221; background_color_opacity=&#8221;1&#8243; background_hover_color_opacity=&#8221;1&#8243; column_shadow=&#8221;none&#8221; column_border_radius=&#8221;none&#8221; width=&#8221;1\/6&#8243; column_border_width=&#8221;none&#8221; column_border_style=&#8221;solid&#8221; offset=&#8221;vc_hidden-sm vc_hidden-xs&#8221;][\/vc_column_inner][vc_column_inner enable_animation=&#8221;true&#8221; animation=&#8221;fade-in-from-bottom&#8221; column_padding=&#8221;no-extra-padding&#8221; column_padding_position=&#8221;all&#8221; centered_text=&#8221;true&#8221; background_color_opacity=&#8221;1&#8243; background_hover_color_opacity=&#8221;1&#8243; column_shadow=&#8221;none&#8221; column_border_radius=&#8221;none&#8221; width=&#8221;2\/3&#8243; column_border_width=&#8221;none&#8221; column_border_style=&#8221;solid&#8221; offset=&#8221;vc_col-xs-12&#8243;][vc_column_text max_width=&#8221;600&#8243;]\n<h2>Enqu\u00eate over het gebruik van alcohol op Cura\u00e7ao<\/h2>\n[\/vc_column_text][\/vc_column_inner][vc_column_inner column_padding=&#8221;no-extra-padding&#8221; column_padding_position=&#8221;all&#8221; background_color_opacity=&#8221;1&#8243; background_hover_color_opacity=&#8221;1&#8243; column_shadow=&#8221;none&#8221; column_border_radius=&#8221;none&#8221; width=&#8221;1\/6&#8243; column_border_width=&#8221;none&#8221; column_border_style=&#8221;solid&#8221; offset=&#8221;vc_hidden-sm vc_hidden-xs&#8221;][\/vc_column_inner][\/vc_row_inner][vc_row_inner column_margin=&#8221;default&#8221; bottom_padding=&#8221;10&#8243; text_align=&#8221;left&#8221;][vc_column_inner enable_animation=&#8221;true&#8221; animation=&#8221;fade-in-from-bottom&#8221; column_padding=&#8221;no-extra-padding&#8221; column_padding_position=&#8221;all&#8221; background_color_opacity=&#8221;1&#8243; background_hover_color_opacity=&#8221;1&#8243; column_shadow=&#8221;none&#8221; column_border_radius=&#8221;none&#8221; width=&#8221;1\/4&#8243; column_border_width=&#8221;none&#8221; column_border_style=&#8221;solid&#8221; delay=&#8221;50&#8243; offset=&#8221;vc_hidden-sm vc_hidden-xs&#8221;][\/vc_column_inner][vc_column_inner enable_animation=&#8221;true&#8221; animation=&#8221;fade-in-from-bottom&#8221; column_padding=&#8221;no-extra-padding&#8221; column_padding_position=&#8221;all&#8221; centered_text=&#8221;true&#8221; background_color_opacity=&#8221;1&#8243; background_hover_color_opacity=&#8221;1&#8243; column_shadow=&#8221;none&#8221; column_border_radius=&#8221;none&#8221; width=&#8221;1\/2&#8243; column_border_width=&#8221;none&#8221; column_border_style=&#8221;solid&#8221; delay=&#8221;100&#8243; offset=&#8221;vc_col-xs-12&#8243;][vc_custom_heading text=&#8221;Door middel van deze enqu\u00eate wil Fundashon pa Maneho di Adikshon een beeld krijgen van het gebruik van middelen (drugs en alcohol) onder de bevolking van Cura\u00e7ao. Probeer het antwoord te kiezen wat het meest overeenkomt met de situatie van de afgelopen 6 maanden. Alle gegeven antwoorden blijven anoniem.&#8221; font_container=&#8221;tag:p|text_align:center|color:rgba(0%2C0%2C0%2C0.65)&#8221; use_theme_fonts=&#8221;yes&#8221; css_animation=&#8221;none&#8221;][\/vc_column_inner][vc_column_inner column_padding=&#8221;no-extra-padding&#8221; column_padding_position=&#8221;all&#8221; background_color_opacity=&#8221;1&#8243; background_hover_color_opacity=&#8221;1&#8243; column_shadow=&#8221;none&#8221; column_border_radius=&#8221;none&#8221; width=&#8221;1\/4&#8243; column_border_width=&#8221;none&#8221; column_border_style=&#8221;solid&#8221; offset=&#8221;vc_hidden-sm vc_hidden-xs&#8221;][\/vc_column_inner][\/vc_row_inner][vc_row_inner equal_height=&#8221;yes&#8221; content_placement=&#8221;middle&#8221; column_margin=&#8221;default&#8221; text_align=&#8221;left&#8221;][vc_column_inner enable_animation=&#8221;true&#8221; animation=&#8221;fade-in&#8221; column_padding=&#8221;padding-4-percent&#8221; column_padding_position=&#8221;all&#8221; background_color_opacity=&#8221;1&#8243; background_hover_color_opacity=&#8221;1&#8243; column_shadow=&#8221;none&#8221; column_border_radius=&#8221;none&#8221; width=&#8221;1\/3&#8243; column_border_width=&#8221;2px&#8221; column_border_color=&#8221;#e2e2e2&#8243; column_border_style=&#8221;solid&#8221; enable_border_animation=&#8221;true&#8221;][vc_custom_heading text=&#8221;Enkuesta na papiamentu&#8221; font_container=&#8221;tag:p|font_size:18|text_align:center|color:%230a0a0a|line_height:20px&#8221; google_fonts=&#8221;font_family:Roboto%3A100%2C100italic%2C300%2C300italic%2Cregular%2Citalic%2C500%2C500italic%2C700%2C700italic%2C900%2C900italic|font_style:700%20bold%20regular%3A700%3Anormal&#8221; css_animation=&#8221;none&#8221; css=&#8221;.vc_custom_1666900218283{margin-bottom: -15px !important;}&#8221;][vc_custom_heading text=&#8221;E enkuesta ta dura m\u00e9nos ku 8 min\u00fct pa yena.Si bo ta dese\u00e1 ha\u00f1a un res\u00famen di resultado di e enkuesta manda un email na info@fma-curacao.com&#8221; font_container=&#8221;tag:p|text_align:left|color:%23878787&#8243; use_theme_fonts=&#8221;yes&#8221; css_animation=&#8221;none&#8221; css=&#8221;.vc_custom_1666900140139{margin-bottom: -15px !important;}&#8221;][nectar_btn size=&#8221;large&#8221; button_style=&#8221;regular&#8221; button_color_2=&#8221;Accent-Color&#8221; color_override=&#8221;#00833f&#8221; icon_family=&#8221;iconsmind&#8221; text=&#8221;Yena Enkuesta&#8221; icon_iconsmind=&#8221;iconsmind-Triangle-ArrowRight&#8221; margin_top=&#8221;50&#8243; url=&#8221;https:\/\/docs.google.com\/forms\/d\/e\/1FAIpQLScOXljk-NMzbH0jcsaMwRIBuRODjeK1rpgjr_DrOBO0OICxOw\/viewform?fbclid=IwAR1KNyHIG5qVfz-SqQD0uKXijRWSItXpPyZKE7n5Jxma4BiTnMcp3VvCias&#8221;][\/vc_column_inner][vc_column_inner enable_animation=&#8221;true&#8221; animation=&#8221;fade-in&#8221; column_padding=&#8221;padding-4-percent&#8221; column_padding_position=&#8221;all&#8221; background_color_opacity=&#8221;1&#8243; background_hover_color_opacity=&#8221;1&#8243; column_shadow=&#8221;none&#8221; column_border_radius=&#8221;none&#8221; width=&#8221;1\/3&#8243; column_border_width=&#8221;2px&#8221; column_border_color=&#8221;#e2e2e2&#8243; column_border_style=&#8221;solid&#8221; enable_border_animation=&#8221;true&#8221; border_animation_delay=&#8221;300&#8243; delay=&#8221;300&#8243;][vc_custom_heading text=&#8221;Encuesta en espa\u00f1ol&#8221; font_container=&#8221;tag:p|font_size:18|text_align:center|color:%230a0a0a|line_height:20px&#8221; google_fonts=&#8221;font_family:Roboto%3A100%2C100italic%2C300%2C300italic%2Cregular%2Citalic%2C500%2C500italic%2C700%2C700italic%2C900%2C900italic|font_style:700%20bold%20regular%3A700%3Anormal&#8221; css_animation=&#8221;none&#8221; css=&#8221;.vc_custom_1666900256693{margin-bottom: -15px !important;}&#8221;][vc_custom_heading text=&#8221;El tiempo de finalizaci\u00f3n es aproximadamente 8 minutos.Si quieres saber sobre los resultados, env\u00ede un correo electr\u00f3nico a la siguiente direcci\u00f3n info@fma-curacao.com&#8221; font_container=&#8221;tag:p|text_align:left|color:%23878787&#8243; use_theme_fonts=&#8221;yes&#8221; css_animation=&#8221;none&#8221; css=&#8221;.vc_custom_1666900427926{margin-bottom: -15px !important;}&#8221;][nectar_btn size=&#8221;large&#8221; button_style=&#8221;regular&#8221; button_color_2=&#8221;Accent-Color&#8221; color_override=&#8221;#00833f&#8221; icon_family=&#8221;iconsmind&#8221; text=&#8221;Llenar la Encuesta&#8221; icon_iconsmind=&#8221;iconsmind-Triangle-ArrowRight&#8221; margin_top=&#8221;50&#8243; url=&#8221;https:\/\/docs.google.com\/forms\/d\/e\/1FAIpQLSeJK0o6x_zpTtntxJjZVHsNFFzYG4wEACfFfopV8i9y-EfADw\/viewform&#8221;][\/vc_column_inner][vc_column_inner enable_animation=&#8221;true&#8221; animation=&#8221;fade-in&#8221; column_padding=&#8221;padding-4-percent&#8221; column_padding_position=&#8221;all&#8221; background_color_opacity=&#8221;1&#8243; background_hover_color_opacity=&#8221;1&#8243; column_shadow=&#8221;none&#8221; column_border_radius=&#8221;none&#8221; width=&#8221;1\/3&#8243; column_border_width=&#8221;2px&#8221; column_border_color=&#8221;#e2e2e2&#8243; column_border_style=&#8221;solid&#8221; enable_border_animation=&#8221;true&#8221; border_animation_delay=&#8221;600&#8243; delay=&#8221;600&#8243;][vc_custom_heading text=&#8221;Enqu\u00eate in het nederlands&#8221; font_container=&#8221;tag:p|font_size:18|text_align:center|color:%230a0a0a|line_height:20px&#8221; google_fonts=&#8221;font_family:Roboto%3A100%2C100italic%2C300%2C300italic%2Cregular%2Citalic%2C500%2C500italic%2C700%2C700italic%2C900%2C900italic|font_style:700%20bold%20regular%3A700%3Anormal&#8221; css_animation=&#8221;none&#8221; css=&#8221;.vc_custom_1666900561625{margin-bottom: -15px !important;}&#8221;][vc_custom_heading text=&#8221;Invultijd is ongeveer 8 minuten.Mocht je op de hoogte willen worden gehouden van de resultaten graag een email naar het volgende adres sturen info@fma-curacao.com&#8221; font_container=&#8221;tag:p|text_align:left|color:%23878787&#8243; use_theme_fonts=&#8221;yes&#8221; css_animation=&#8221;none&#8221; css=&#8221;.vc_custom_1666900447287{margin-bottom: -15px !important;}&#8221;][nectar_btn size=&#8221;large&#8221; button_style=&#8221;regular&#8221; button_color_2=&#8221;Accent-Color&#8221; color_override=&#8221;#00833f&#8221; icon_family=&#8221;iconsmind&#8221; text=&#8221;Enqu\u00eate Invullen&#8221; icon_iconsmind=&#8221;iconsmind-Triangle-ArrowRight&#8221; margin_top=&#8221;50&#8243; url=&#8221;https:\/\/docs.google.com\/forms\/d\/e\/1FAIpQLSeaBDO2NchZJIL7WnWgvDxqP8BLgq6ZGH-b-feD9mQMmxeJ2w\/viewform&#8221;][\/vc_column_inner][\/vc_row_inner][\/vc_column][\/vc_row][vc_row type=&#8221;in_container&#8221; full_screen_row_position=&#8221;middle&#8221; scene_position=&#8221;center&#8221; text_color=&#8221;dark&#8221; text_align=&#8221;left&#8221; overlay_strength=&#8221;0.3&#8243; shape_divider_position=&#8221;bottom&#8221;][vc_column column_padding=&#8221;no-extra-padding&#8221; column_padding_position=&#8221;all&#8221; background_color_opacity=&#8221;1&#8243; background_hover_color_opacity=&#8221;1&#8243; column_shadow=&#8221;none&#8221; column_border_radius=&#8221;none&#8221; width=&#8221;1\/1&#8243; tablet_text_alignment=&#8221;default&#8221; phone_text_alignment=&#8221;default&#8221; column_border_width=&#8221;none&#8221; column_border_style=&#8221;solid&#8221;][vc_column_text]\n<h2 style=\"text-align: center\"><strong>DE RESULTATEN TOT NU TOE<\/strong><\/h2>\n<p style=\"text-align: center\">(Gepubliceerd op 27 oktober 2022)<\/p>\n[\/vc_column_text][divider line_type=&#8221;No Line&#8221;][vc_row_inner column_margin=&#8221;default&#8221; text_align=&#8221;left&#8221;][vc_column_inner column_padding=&#8221;no-extra-padding&#8221; column_padding_position=&#8221;all&#8221; background_color_opacity=&#8221;1&#8243; background_hover_color_opacity=&#8221;1&#8243; column_shadow=&#8221;none&#8221; column_border_radius=&#8221;none&#8221; width=&#8221;1\/6&#8243; column_border_width=&#8221;none&#8221; column_border_style=&#8221;solid&#8221;][\/vc_column_inner][vc_column_inner column_padding=&#8221;no-extra-padding&#8221; column_padding_position=&#8221;all&#8221; background_color_opacity=&#8221;1&#8243; background_hover_color_opacity=&#8221;1&#8243; column_shadow=&#8221;none&#8221; column_border_radius=&#8221;none&#8221; width=&#8221;2\/3&#8243; column_border_width=&#8221;none&#8221; column_border_style=&#8221;solid&#8221;][vc_gallery type=&#8221;parallax_image_grid&#8221; images=&#8221;7351,7354&#8243;][\/vc_column_inner][vc_column_inner column_padding=&#8221;no-extra-padding&#8221; column_padding_position=&#8221;all&#8221; background_color_opacity=&#8221;1&#8243; background_hover_color_opacity=&#8221;1&#8243; column_shadow=&#8221;none&#8221; column_border_radius=&#8221;none&#8221; width=&#8221;1\/6&#8243; column_border_width=&#8221;none&#8221; column_border_style=&#8221;solid&#8221;][\/vc_column_inner][\/vc_row_inner][\/vc_column][\/vc_row]\n","protected":false},"excerpt":{"rendered":"<p>[vc_row type=&#8221;full_width_background&#8221; full_screen_row_position=&#8221;middle&#8221; scene_position=&#8221;center&#8221; text_color=&#8221;dark&#8221; text_align=&#8221;left&#8221; top_padding=&#8221;3%&#8221; bottom_padding=&#8221;1%&#8221; overlay_strength=&#8221;0.3&#8243; shape_divider_position=&#8221;bottom&#8221; shape_type=&#8221;&#8221;][vc_column column_padding=&#8221;padding-1-percent&#8221; column_padding_position=&#8221;bottom&#8221; background_color_opacity=&#8221;1&#8243; background_hover_color_opacity=&#8221;1&#8243; column_shadow=&#8221;none&#8221; column_border_radius=&#8221;none&#8221; width=&#8221;1\/1&#8243; tablet_text_alignment=&#8221;default&#8221; phone_text_alignment=&#8221;default&#8221; column_border_width=&#8221;none&#8221; column_border_style=&#8221;solid&#8221;][vc_row_inner column_margin=&#8221;default&#8221; text_align=&#8221;left&#8221;][vc_column_inner enable_animation=&#8221;true&#8221; animation=&#8221;fade-in-from-bottom&#8221; column_padding=&#8221;no-extra-padding&#8221; column_padding_position=&#8221;all&#8221; background_color_opacity=&#8221;1&#8243; background_hover_color_opacity=&#8221;1&#8243;&#8230;<\/p>\n","protected":false},"author":435,"featured_media":0,"parent":0,"menu_order":0,"comment_status":"closed","ping_status":"closed","template":"","meta":{"footnotes":""},"class_list":["post-7925","page","type-page","status-publish"],"_links":{"self":[{"href":"https:\/\/fma-curacao.com\/nl\/wp-json\/wp\/v2\/pages\/7925","targetHints":{"allow":["GET"]}}],"collection":[{"href":"https:\/\/fma-curacao.com\/nl\/wp-json\/wp\/v2\/pages"}],"about":[{"href":"https:\/\/fma-curacao.com\/nl\/wp-json\/wp\/v2\/types\/page"}],"author":[{"embeddable":true,"href":"https:\/\/fma-curacao.com\/nl\/wp-json\/wp\/v2\/users\/435"}],"replies":[{"embeddable":true,"href":"https:\/\/fma-curacao.com\/nl\/wp-json\/wp\/v2\/comments?post=7925"}],"version-history":[{"count":0,"href":"https:\/\/fma-curacao.com\/nl\/wp-json\/wp\/v2\/pages\/7925\/revisions"}],"wp:attachment":[{"href":"https:\/\/fma-curacao.com\/nl\/wp-json\/wp\/v2\/media?parent=7925"}],"curies":[{"name":"wp","href":"https:\/\/api.w.org\/{rel}","templated":true}]}}